{"id":33,"date":"2019-05-27T21:04:04","date_gmt":"2019-05-27T19:04:04","guid":{"rendered":"http:\/\/mikanoservice.fr\/?page_id=33"},"modified":"2022-03-29T09:23:36","modified_gmt":"2022-03-29T07:23:36","slug":"mon-rayon-daction","status":"publish","type":"page","link":"https:\/\/mikanoservice.fr\/index.php\/mon-rayon-daction\/","title":{"rendered":"Mon rayon d&rsquo;action"},"content":{"rendered":"\n<p>Je me d\u00e9place dans Die et sa r\u00e9gion, toujours pr\u00eat \u00e0 rendre service.<\/p>\n\n\n\n<figure class=\"wp-block-image is-resized\"><img loading=\"lazy\" decoding=\"async\" src=\"http:\/\/mikanoservice.fr\/wp-content\/uploads\/2019\/05\/carte-1024x689.png\" alt=\"\" class=\"wp-image-34\" width=\"786\" height=\"528\" srcset=\"https:\/\/mikanoservice.fr\/wp-content\/uploads\/2019\/05\/carte-1024x689.png 1024w, https:\/\/mikanoservice.fr\/wp-content\/uploads\/2019\/05\/carte-300x202.png 300w, https:\/\/mikanoservice.fr\/wp-content\/uploads\/2019\/05\/carte-768x517.png 768w, https:\/\/mikanoservice.fr\/wp-content\/uploads\/2019\/05\/carte.png 1065w\" sizes=\"auto, (max-width: 767px) 89vw, (max-width: 1000px) 54vw, (max-width: 1071px) 543px, 580px\" \/><\/figure>\n","protected":false},"excerpt":{"rendered":"<p>Je me d\u00e9place dans Die et sa r\u00e9gion, toujours pr\u00eat \u00e0 rendre service.<\/p>\n","protected":false},"author":1,"featured_media":0,"parent":0,"menu_order":0,"comment_status":"closed","ping_status":"closed","template":"","meta":{"footnotes":""},"class_list":["post-33","page","type-page","status-publish","hentry"],"_links":{"self":[{"href":"https:\/\/mikanoservice.fr\/index.php\/wp-json\/wp\/v2\/pages\/33","targetHints":{"allow":["GET"]}}],"collection":[{"href":"https:\/\/mikanoservice.fr\/index.php\/wp-json\/wp\/v2\/pages"}],"about":[{"href":"https:\/\/mikanoservice.fr\/index.php\/wp-json\/wp\/v2\/types\/page"}],"author":[{"embeddable":true,"href":"https:\/\/mikanoservice.fr\/index.php\/wp-json\/wp\/v2\/users\/1"}],"replies":[{"embeddable":true,"href":"https:\/\/mikanoservice.fr\/index.php\/wp-json\/wp\/v2\/comments?post=33"}],"version-history":[{"count":2,"href":"https:\/\/mikanoservice.fr\/index.php\/wp-json\/wp\/v2\/pages\/33\/revisions"}],"predecessor-version":[{"id":49,"href":"https:\/\/mikanoservice.fr\/index.php\/wp-json\/wp\/v2\/pages\/33\/revisions\/49"}],"wp:attachment":[{"href":"https:\/\/mikanoservice.fr\/index.php\/wp-json\/wp\/v2\/media?parent=33"}],"curies":[{"name":"wp","href":"https:\/\/api.w.org\/{rel}","templated":true}]}}